{"id":37,"date":"2020-06-01T08:12:53","date_gmt":"2020-06-01T11:12:53","guid":{"rendered":"http:\/\/sw-themes.com\/porto_dummy\/?page_id=37"},"modified":"2022-06-20T17:45:12","modified_gmt":"2022-06-20T20:45:12","slug":"sobre-nos","status":"publish","type":"page","link":"https:\/\/soclimasolar.com.br\/index.php\/sobre-nos\/","title":{"rendered":"Sobre"},"content":{"rendered":"\t\t<div data-elementor-type=\"wp-page\" data-elementor-id=\"37\" class=\"elementor elementor-37\" data-elementor-settings=\"[]\">\n\t\t\t\t\t\t\t<div class=\"elementor-section-wrap\">\n\t\t\t\t\t\t\t<section class=\"elementor-section elementor-top-section elementor-element elementor-element-1accfd0 pt-5 pb-4 elementor-section-boxed elementor-section-height-default elementor-section-height-default\" data-id=\"1accfd0\" data-element_type=\"section\">\r\n\t\t\t\r\n\t\t\t\t\t\t\t\t\t<div class=\"elementor-container elementor-column-gap-default\">\r\n\t\t\t\t\t\t\t\t\t\t\t<div class=\"elementor-column elementor-col-50 elementor-top-column elementor-element elementor-element-9ee1163\" data-id=\"9ee1163\" data-element_type=\"column\">\r\n\r\n\t\t\t\t\t<div class=\"elementor-widget-wrap elementor-element-populated\">\r\n\t\t\t\t\t\t\t\t<div class=\"elementor-element elementor-element-26d8d26 elementor-widget elementor-widget-image\" data-id=\"26d8d26\" data-element_type=\"widget\" data-widget_type=\"image.default\">\n\t\t\t\t<div class=\"elementor-widget-container\">\n\t\t\t<style>\/*! elementor - v3.5.6 - 28-02-2022 *\/\n.elementor-widget-image{text-align:center}.elementor-widget-image a{display:inline-block}.elementor-widget-image a img[src$=\".svg\"]{width:48px}.elementor-widget-image img{vertical-align:middle;display:inline-block}<\/style>\t\t\t\t\t\t\t\t\t\t\t\t<img loading=\"lazy\" decoding=\"async\" width=\"1024\" height=\"576\" src=\"https:\/\/soclimasolar.com.br\/wp-content\/uploads\/2022\/03\/soclima-capa2-1024x576.jpg\" class=\"attachment-large size-large\" alt=\"\" srcset=\"https:\/\/soclimasolar.com.br\/wp-content\/uploads\/2022\/03\/soclima-capa2-1024x576.jpg 1024w, https:\/\/soclimasolar.com.br\/wp-content\/uploads\/2022\/03\/soclima-capa2-768x432.jpg 768w, https:\/\/soclimasolar.com.br\/wp-content\/uploads\/2022\/03\/soclima-capa2-640x360.jpg 640w, https:\/\/soclimasolar.com.br\/wp-content\/uploads\/2022\/03\/soclima-capa2-400x225.jpg 400w, https:\/\/soclimasolar.com.br\/wp-content\/uploads\/2022\/03\/soclima-capa2-367x206.jpg 367w\" sizes=\"auto, (max-width: 1024px) 100vw, 1024px\" \/>\t\t\t\t\t\t\t\t\t\t\t\t\t\t\t<\/div>\n\t\t\t\t<\/div>\n\t\t\t\t\t<\/div>\r\n\t\t\t\t<\/div>\r\n\t\t\t\t<div class=\"elementor-column elementor-col-50 elementor-top-column elementor-element elementor-element-3fd2dca\" data-id=\"3fd2dca\" data-element_type=\"column\">\r\n\r\n\t\t\t\t\t<div class=\"elementor-widget-wrap elementor-element-populated\">\r\n\t\t\t\t\t\t\t\t<div class=\"elementor-element elementor-element-b8155d3 mb-0 elementor-widget elementor-widget-text-editor\" data-id=\"b8155d3\" data-element_type=\"widget\" data-widget_type=\"text-editor.default\">\n\t\t\t\t<div class=\"elementor-widget-container\">\n\t\t\t<style>\/*! elementor - v3.5.6 - 28-02-2022 *\/\n.elementor-widget-text-editor.elementor-drop-cap-view-stacked .elementor-drop-cap{background-color:#818a91;color:#fff}.elementor-widget-text-editor.elementor-drop-cap-view-framed .elementor-drop-cap{color:#818a91;border:3px solid;background-color:transparent}.elementor-widget-text-editor:not(.elementor-drop-cap-view-default) .elementor-drop-cap{margin-top:8px}.elementor-widget-text-editor:not(.elementor-drop-cap-view-default) .elementor-drop-cap-letter{width:1em;height:1em}.elementor-widget-text-editor .elementor-drop-cap{float:left;text-align:center;line-height:1;font-size:50px}.elementor-widget-text-editor .elementor-drop-cap-letter{display:inline-block}<\/style>\t\t\t\t<p class=\"MsoNormal\">A S\u00f3 Clima Solar \u00e9 uma empresa que surgiu com o prop\u00f3sito de trazer a energia limpa e sustent\u00e1vel para o mundo. Al\u00e9m disso a So Clima Solar permite que pessoas e empresas consigam gerar sua pr\u00f3pria energia, tornando as imunes das tarifas aplicadas pelas companhias de energia el\u00e9trica.<\/p>\n<p>N\u00f3s da So Clima Solar estamos em constante busca de novas tecnologias, estudando oportunidades de avan\u00e7os tecnol\u00f3gicos e tornando a implementa\u00e7\u00e3o de energia solar poss\u00edvel e compat\u00edvel para cada tipo de projeto.<\/p>\t\t\t\t\t\t<\/div>\n\t\t\t\t<\/div>\n\t\t\t\t\t<\/div>\r\n\t\t\t\t<\/div>\r\n\t\t\t\t\t\t<\/div>\r\n\t\t\t\t<\/section>\r\n\t\t\t\t\t\t<\/div>\n\t\t\t\t\t<\/div>\n\t\t","protected":false},"excerpt":{"rendered":"<p>A S\u00f3 Clima Solar \u00e9 uma empresa que surgiu com o prop\u00f3sito de trazer a energia limpa e sustent\u00e1vel para o mundo. Al\u00e9m disso a So Clima Solar permite que pessoas e empresas consigam gerar sua pr\u00f3pria energia, tornando as imunes das tarifas aplicadas pelas companhias de energia el\u00e9trica. N\u00f3s da So Clima Solar estamos [&hellip;]<\/p>\n","protected":false},"author":1,"featured_media":0,"parent":0,"menu_order":0,"comment_status":"closed","ping_status":"closed","template":"","meta":{"footnotes":""},"class_list":["post-37","page","type-page","status-publish","hentry"],"_links":{"self":[{"href":"https:\/\/soclimasolar.com.br\/index.php\/wp-json\/wp\/v2\/pages\/37","targetHints":{"allow":["GET"]}}],"collection":[{"href":"https:\/\/soclimasolar.com.br\/index.php\/wp-json\/wp\/v2\/pages"}],"about":[{"href":"https:\/\/soclimasolar.com.br\/index.php\/wp-json\/wp\/v2\/types\/page"}],"author":[{"embeddable":true,"href":"https:\/\/soclimasolar.com.br\/index.php\/wp-json\/wp\/v2\/users\/1"}],"replies":[{"embeddable":true,"href":"https:\/\/soclimasolar.com.br\/index.php\/wp-json\/wp\/v2\/comments?post=37"}],"version-history":[{"count":20,"href":"https:\/\/soclimasolar.com.br\/index.php\/wp-json\/wp\/v2\/pages\/37\/revisions"}],"predecessor-version":[{"id":554,"href":"https:\/\/soclimasolar.com.br\/index.php\/wp-json\/wp\/v2\/pages\/37\/revisions\/554"}],"wp:attachment":[{"href":"https:\/\/soclimasolar.com.br\/index.php\/wp-json\/wp\/v2\/media?parent=37"}],"curies":[{"name":"wp","href":"https:\/\/api.w.org\/{rel}","templated":true}]}}